{"id":2349,"date":"2025-05-30T11:52:24","date_gmt":"2025-05-30T11:52:24","guid":{"rendered":"http:\/\/kreeb.gsmb-consulting.de\/?page_id=2349"},"modified":"2026-03-22T18:13:07","modified_gmt":"2026-03-22T18:13:07","slug":"datenschutzerklarung","status":"publish","type":"page","link":"https:\/\/www.kreeb.com\/en\/datenschutzerklarung\/","title":{"rendered":"Privacy Policy"},"content":{"rendered":"<div data-elementor-type=\"wp-page\" data-elementor-id=\"2349\" class=\"elementor elementor-2349\" data-elementor-post-type=\"page\">\n\t\t\t\t<div class=\"elementor-element elementor-element-e03cb1e e-flex e-con-boxed e-con e-parent\" data-id=\"e03cb1e\" data-element_type=\"container\" data-e-type=\"container\">\n\t\t\t\t\t<div class=\"e-con-inner\">\n\t\t\t\t<div class=\"elementor-element elementor-element-7e9bbdb elementor-widget elementor-widget-global elementor-global-436 elementor-widget-spacer\" data-id=\"7e9bbdb\" data-element_type=\"widget\" data-e-type=\"widget\" data-widget_type=\"spacer.default\">\n\t\t\t\t<div class=\"elementor-widget-container\">\n\t\t\t\t\t\t\t<div class=\"elementor-spacer\">\n\t\t\t<div class=\"elementor-spacer-inner\"><\/div>\n\t\t<\/div>\n\t\t\t\t\t\t<\/div>\n\t\t\t\t<\/div>\n\t\t\t\t\t<\/div>\n\t\t\t\t<\/div>\n\t\t<div class=\"elementor-element elementor-element-f2ad0bf e-con-full e-flex e-con e-parent\" data-id=\"f2ad0bf\" data-element_type=\"container\" data-e-type=\"container\">\n\t\t<div class=\"elementor-element elementor-element-ce35d89 e-flex e-con-boxed e-con e-child\" data-id=\"ce35d89\" data-element_type=\"container\" data-e-type=\"container\">\n\t\t\t\t\t<div class=\"e-con-inner\">\n\t\t\t\t<div class=\"elementor-element elementor-element-61a3d2b elementor-widget elementor-widget-text-editor\" data-id=\"61a3d2b\" data-element_type=\"widget\" data-e-type=\"widget\" data-widget_type=\"text-editor.default\">\n\t\t\t\t<div class=\"elementor-widget-container\">\n\t\t\t\t\t\t\t\t\t<h2><strong>Privacy Policy<\/strong><\/h2>\nPersonal data (usually referred to just as \u201edata\u201c below) will only be processed by us to the extent necessary and for the purpose of providing a functional and user-friendly website, including its contents, and the services offered there.\n\nPer <a href=\"http:\/\/dejure.org\/gesetze\/DSGVO\/4.html\" target=\"_blank\" rel=\"noopener\">Art. 4 No. 1<\/a>of Regulation (EU) 2016\/679, i.e. the General Data Protection Regulation (hereinafter referred to as the \u201eGDPR\u201c), \u201eprocessing\u201c refers to any operation or set of operations such as collection, recording, organization, structuring, storage, adaptation, alteration, retrieval, consultation, use, disclosure by transmission, dissemination, or otherwise making available, alignment, or combination, restriction, erasure, or destruction performed on personal data, whether by automated means or not.\n\nThe following privacy policy is intended to inform you in particular about the type, scope, purpose, duration, and legal basis for the processing of such data either under our own control or in conjunction with others. We also inform you below about the third-party components we use to optimize our website and improve the user experience which may result in said third parties also processing data they collect and control.\n\nOur privacy policy is structured as follows:\n<ol>\n \t<li>I. Information about us as controllers of your data<\/li>\n \t<li>II. The rights of users and data subjects<\/li>\n<\/ol>\nIII. Information about the data processing\n<h3><strong>I. Information about us as controllers of your data<\/strong><\/h3>\nThe party responsible for this website (the \u201econtroller\u201c) for purposes of data protection law is:\n\n\nHeinrich Kreeb GmbH &amp; Co. KG\nSteinbeisstrasse 20\n73037 G\u00f6ppingen\nGermany\n\nPhone: +49-(0)7161-9274-0\nFax: +49-(0)7161-9274-14\nE-Mail: info@kreeb.com\n\nThe controller\u2019s data protection officer is:\n\nCornelius Gaiser\nTelefon: +49-(0)7161-9274-34\nTelefax: +49-(0)7161-9274-14\nE-Mail: info@kreeb.com\n<h3><strong>II. The rights of users and data subjects<\/strong><\/h3>\nWith regard to the data processing to be described in more detail below, users and data subjects have the right\n<ul>\n \t<li>to confirmation of whether data concerning them is being processed, information about the data being processed, further information about the nature of the data processing, and copies of the data (cf. also Art. 15 GDPR); <a href=\"http:\/\/dejure.org\/gesetze\/DSGVO\/15.html\" target=\"_blank\" rel=\"noopener\">15 GDPR<\/a>);<\/li>\n \t<li>to correct or complete incorrect or incomplete data (cf. also Art. 16 GDPR); <a href=\"http:\/\/dejure.org\/gesetze\/DSGVO\/16.html\" target=\"_blank\" rel=\"noopener\">16 GDPR<\/a>);<\/li>\n \t<li class=\"translation-block\">to the immediate deletion of data concerning them (cf. also <a href=\"http:\/\/dejure.org\/gesetze\/GDPR\/17.html\" target=\"_blank\">Art. 17 GDPR<\/a>), or, alternatively, if further processing is necessary as stipulated in Art. 17 Para. 3 GDPR, to restrict said processing per <a href=\"http:\/\/dejure.org\/gesetze\/GDPR\/18.html\" target=\"_blank\" rel=\"noopener\">Art. 18 GDPR<\/a>;<\/li>\n \t<li>to receive copies of the data concerning them and\/or provided by them and to have the same transmitted to other providers\/controllers (cf. also Art. 20 GDPR); <a href=\"http:\/\/dejure.org\/gesetze\/DSGVO\/20.html\" target=\"_blank\" rel=\"noopener\">20 GDPR<\/a>);<\/li>\n \t<li>to file complaints with the supervisory authority if they believe that data concerning them is being processed by the controller in breach of data protection provisions (see also Art. 77 GDPR). <a href=\"http:\/\/dejure.org\/gesetze\/DSGVO\/77.html\" target=\"_blank\" rel=\"noopener\">77 GDPR<\/a>).<\/li>\n<\/ul>\nIn addition, the controller is obliged to inform all recipients to whom it discloses data of any such corrections, deletions, or restrictions placed on processing the same per <a href=\"http:\/\/dejure.org\/gesetze\/DSGVO\/16.html\" target=\"_blank\" rel=\"noopener\">Art. 16<\/a>, <a href=\"http:\/\/dejure.org\/gesetze\/DSGVO\/17.html\" target=\"_blank\" rel=\"noopener\">17 Abs. 1<\/a>, <a href=\"http:\/\/dejure.org\/gesetze\/DSGVO\/18.html\" target=\"_blank\" rel=\"noopener\">18 GDPR<\/a> However, this obligation does not apply if such notification is impossible or involves a disproportionate effort. Nevertheless, users have a right to information about these recipients.\n\n<strong>Likewise, under <\/strong><a href=\"http:\/\/dejure.org\/gesetze\/DSGVO\/21.html\" target=\"_blank\" rel=\"noopener\"><strong>Art. 21 GDPR<\/strong><\/a><strong> , users and data subjects have the right to object to the controller\u2019s future processing of their data pursuant to <\/strong><a href=\"http:\/\/dejure.org\/gesetze\/DSGVO\/6.html\" target=\"_blank\" rel=\"noopener\"><strong>Art. 6 Abs. 1 lit. f) GDPR<\/strong><\/a><strong> In particular, an objection to data processing for the purpose of direct advertising is permissible.<\/strong>\n<h3><strong>III. Information about the data processing<\/strong><\/h3>\nYour data processed when using our website will be deleted or blocked as soon as the purpose for its storage ceases to apply, provided the deletion of the same is not in breach of any statutory storage obligations or unless otherwise stipulated below.\n<h4><strong>Cookie Manager<\/strong><\/h4>\nTo obtain consent for the use of technically unnecessary cookies on the website, the provider uses a cookie manager.\nWhen the website is called up, a cookie with the settings information is stored on the end device of the user so that the request for consent does not have to be made on a subsequent visit. The cookie is required to obtain legally compliant user consent. You can prevent cookies from being installed by adjusting the settings on your internet browser.\n<h4><strong>Cookies<\/strong><\/h4>\n<h5><strong>a) Session cookies<\/strong><\/h5>\nWe use cookies on our website. Cookies are small text files or other storage technologies stored on your computer by your browser. These cookies process certain specific information about you, such as your browser, location data, or IP address.This processing makes our website more user-friendly, efficient, and secure, allowing us, for example, to display our website in different languages or to offer a shopping cart function. The legal basis for such processing is Art. 6 Para. 1 lit. b) GDPR, insofar as these cookies are used to collect data to initiate or process contractual relationships. <a href=\"http:\/\/dejure.org\/gesetze\/DSGVO\/6.html\" target=\"_blank\" rel=\"noopener\">Art. 6 Abs. 1 lit. f) GDPR<\/a>When you close your browser, these session cookies are deleted.\n<h5><strong>b) Third-party cookies<\/strong><\/h5>\nIf necessary, our website may also use cookies from companies with whom we cooperate for the purpose of advertising, analyzing, or improving the features of our website. \nPlease refer to the following information for details, in particular for the legal basis and purpose of such third-party collection and processing of data collected through cookies.\n<h5><strong>c) Disabling cookies<\/strong><\/h5>\nYou can refuse the use of cookies by changing the settings on your browser. Likewise, you can use the browser to delete cookies that have already been stored. However, the steps and measures required vary, depending on the browser you use. If you have any questions, please use the help function or consult the documentation for your browser or contact its maker for support. Browser settings cannot prevent so-called flash cookies from being set. Instead, you will need to change the setting of your Flash player. The steps and measures required for this also depend on the Flash player you are using. If you have any questions, please use the help function or consult the documentation for your Flash player or contact its maker for support\nIf you prevent or restrict the installation of cookies, not all of the functions on our site may be fully usable.\n<h4><strong>Contact<\/strong><\/h4>\nIf you contact us via email or the contact form, the data you provide will be used for the purpose of processing your request. We must have this data in order to process and answer your inquiry; otherwise we will not be able to answer it in full or at all. The legal basis for this data processing is <a href=\"http:\/\/dejure.org\/gesetze\/DSGVO\/6.html\" target=\"_blank\" rel=\"noopener\">Art. 6 Abs. 1 lit. b) DSGVO<\/a>. Your data will be deleted once we have fully answered your inquiry and there is no further legal obligation to store your data, such as if an order or contract resulted therefrom.\n<h4><strong>Server Data<\/strong><\/h4>\nFor technical reasons, the following data sent by your internet browser to us or to our server provider will be collected, especially to ensure a secure and stable website: These server log files record the type and version of your browser, operating system, the website from which you came (referrer URL), the webpages on our site visited, the date and time of your visit, as well as the IP address from which you visited our site.\nThe data thus collected will be temporarily stored, but not in association with any other of your data. The basis for this storage is <a href=\"http:\/\/dejure.org\/gesetze\/DSGVO\/6.html\" target=\"_blank\" rel=\"noopener\">Art. 6 Abs. 1 lit. f) GDPR<\/a>. Your data will be deleted once we have fully answered your inquiry and there is no further legal obligation to store your data, such as if an order or contract resulted therefrom.\n<h4><strong>Google-Maps<\/strong><\/h4>\nOur website uses Google Maps to display our location and to provide directions. This is a service provided by Google Ireland Limited, Gordon House, Barrow Street, Dublin 4, Irland (hereinafter: Google). \nIf you access the Google Maps components integrated into our website, Google will store a cookie on your device via your browser. Your user settings and data are processed to display our location and create a route description. We cannot prevent Google from using servers in the USA. \nIn case you have granted your consent to this processing the legal basis is <a href=\"http:\/\/dejure.org\/gesetze\/DSGVO\/6.html\" target=\"_blank\" rel=\"noopener\">Art. 6 Abs. 1 lit. a GDPR<\/a>. The legal basis can also be <a href=\"http:\/\/dejure.org\/gesetze\/DSGVO\/6.html\" target=\"_blank\" rel=\"noopener\">Art. 6 Abs. 1 lit. f GDPR<\/a> . Our legitimate interest lies in optimizing the functionality of our website.<\/p>\n\t\t\t<p>By connecting to Google in this way, Google can determine from which website your request has been sent and to which IP address the directions are transmitted. If you do not agree to this processing, you have the option of preventing the installation of cookies by making the appropriate settings in your browser. Further details can be found in the section about cookies above. In addition, the use of Google Maps and the information obtained via Google Maps is governed by the\u00a0\u00a0<a href=\"https:\/\/policies.google.com\/terms?gl=DE&amp;hl=en\" target=\"_blank\" rel=\"noopener\">Google Terms of Use<\/a>\u00a0 and the\u00a0<a href=\"https:\/\/www.google.com\/intl\/en_en\/help\/terms_maps.html\" target=\"_blank\" rel=\"noopener\">Terms and Conditions for Google Maps<\/a> .\nGoogle also offers further information at\n\n<a href=\"https:\/\/adssettings.google.com\/authenticated\" target=\"_blank\" rel=\"noopener\">https:\/\/adssettings.google.com\/authenticated<\/a>\n\n<a href=\"https:\/\/policies.google.com\/privacy\" target=\"_blank\" rel=\"noopener\">https:\/\/policies.google.com\/privacy<\/a>\n\n.\n\n<strong>Visable<\/strong>\nKreeb uses products and services for analysis and marketing purposes, which are provided by Visable GmbH (www.visable.com) in cooperation with them. To that end, pixel tracking technology is used to collect, process, and store data to create at least pseudonymised, and where possible and appropriate, fully anonymised user profiles. The collected data, which may initially include personal data, is transmitted to Visable or collected directly by Visable and used to create the aforementioned user profiles. Visitors to this website are not personally identified, and no other personal data is merged with the user profiles. If IP addresses are identified as personal data, they are immediately deleted. You can object to the processing operations described above at any time with effect for the future: <a onclick=\"alert('Ihre Besuche werden nun nicht mehr erfasst.');\" href=\"javascript:visableLeads.optOut()\">Exclude visitor recording (Note: Link sets a 1st-party cookie for an opt-out)<\/a>\n\n<p><\/p>This privacy policy is based on the <a href=\"https:\/\/www.generator-datenschutzerkl\u00e4rung.de\" target=\"_blank\" rel=\"noopener\">Model Data Protection Statement <\/a> of <a href=\"https:\/\/www.ratgeberrecht.eu\/\" target=\"_blank\" rel=\"noopener\">Anwaltskanzlei Wei\u00df &amp; Partner<\/a>\t\t\t\t\t\t\t\t<\/div>\n\t\t\t\t<\/div>\n\t\t\t\t\t<\/div>\n\t\t\t\t<\/div>\n\t\t\t\t<\/div>\n\t\t<div class=\"elementor-element elementor-element-a04fe3a e-flex e-con-boxed e-con e-parent\" data-id=\"a04fe3a\" data-element_type=\"container\" data-e-type=\"container\">\n\t\t\t\t\t<div class=\"e-con-inner\">\n\t\t\t\t<div class=\"elementor-element elementor-element-ff961d5 elementor-widget elementor-widget-global elementor-global-436 elementor-widget-spacer\" data-id=\"ff961d5\" data-element_type=\"widget\" data-e-type=\"widget\" data-widget_type=\"spacer.default\">\n\t\t\t\t<div class=\"elementor-widget-container\">\n\t\t\t\t\t\t\t<div class=\"elementor-spacer\">\n\t\t\t<div class=\"elementor-spacer-inner\"><\/div>\n\t\t<\/div>\n\t\t\t\t\t\t<\/div>\n\t\t\t\t<\/div>\n\t\t\t\t\t<\/div>\n\t\t\t\t<\/div>\n\t\t\t\t<\/div>","protected":false},"excerpt":{"rendered":"<p>Datenschutzerkl\u00e4rung Personenbezogene Daten (nachfolgend zumeist nur \u201eDaten\u201c genannt) werden von uns nur im Rahmen der Erforderlichkeit sowie zum Zwecke der Bereitstellung eines funktionsf\u00e4higen und nutzerfreundlichen Internetauftritts, inklusive seiner Inhalte und der dort angebotenen Leistungen, verarbeitet. Gem\u00e4\u00df Art. 4 Ziffer 1. der Verordnung (EU) 2016\/679, also der Datenschutz-Grundverordnung (nachfolgend nur \u201eDSGVO\u201c genannt), gilt als \u201eVerarbeitung\u201c jeder [&hellip;]<\/p>\n","protected":false},"author":1,"featured_media":0,"parent":0,"menu_order":0,"comment_status":"closed","ping_status":"closed","template":"elementor_header_footer","meta":{"footnotes":""},"class_list":["post-2349","page","type-page","status-publish","hentry"],"yoast_head":"<!-- This site is optimized with the Yoast SEO Premium plugin v26.7 (Yoast SEO v27.1.1) - https:\/\/yoast.com\/product\/yoast-seo-premium-wordpress\/ -->\n<title>Datenschutzerkl\u00e4rung | Heinrich Kreeb \u2013 Premium-Werkzeuge f\u00fcr industrielle Kunden | Schleif- und Polierwerkzeuge Industrie<\/title>\n<meta name=\"description\" content=\"Erfahren Sie in der Datenschutzerkl\u00e4rung von Kreeb, wie wir Ihre Daten sch\u00fctzen und verarbeiten. Transparenz und Sicherheit stehen an erster Stelle.\" \/>\n<meta name=\"robots\" content=\"index, follow, max-snippet:-1, max-image-preview:large, max-video-preview:-1\" \/>\n<link rel=\"canonical\" href=\"https:\/\/www.kreeb.com\/en\/datenschutzerklarung\/\" \/>\n<meta property=\"og:locale\" content=\"en_GB\" \/>\n<meta property=\"og:type\" content=\"article\" \/>\n<meta property=\"og:title\" content=\"Datenschutzerkl\u00e4rung\" \/>\n<meta property=\"og:description\" content=\"Erfahren Sie in der Datenschutzerkl\u00e4rung von Kreeb, wie wir Ihre Daten sch\u00fctzen und verarbeiten. Transparenz und Sicherheit stehen an erster Stelle.\" \/>\n<meta property=\"og:url\" content=\"https:\/\/www.kreeb.com\/en\/datenschutzerklarung\/\" \/>\n<meta property=\"og:site_name\" content=\"Heinrich Kreeb \u2013 Premium-Werkzeuge f\u00fcr industrielle Kunden\" \/>\n<meta property=\"article:modified_time\" content=\"2026-03-22T18:13:07+00:00\" \/>\n<meta property=\"og:image\" content=\"https:\/\/www.kreeb.com\/wp-content\/uploads\/2025\/07\/Rectangle-5-1-compressed-3.png\" \/>\n\t<meta property=\"og:image:width\" content=\"505\" \/>\n\t<meta property=\"og:image:height\" content=\"303\" \/>\n\t<meta property=\"og:image:type\" content=\"image\/png\" \/>\n<meta name=\"twitter:card\" content=\"summary_large_image\" \/>\n<meta name=\"twitter:label1\" content=\"Estimated reading time\" \/>\n\t<meta name=\"twitter:data1\" content=\"9 minutes\" \/>\n<script type=\"application\/ld+json\" class=\"yoast-schema-graph\">{\"@context\":\"https:\/\/schema.org\",\"@graph\":[{\"@type\":\"WebPage\",\"@id\":\"https:\/\/www.kreeb.com\/datenschutzerklarung\/\",\"url\":\"https:\/\/www.kreeb.com\/datenschutzerklarung\/\",\"name\":\"Datenschutzerkl\u00e4rung | Heinrich Kreeb \u2013 Premium-Werkzeuge f\u00fcr industrielle Kunden | Schleif- und Polierwerkzeuge Industrie\",\"isPartOf\":{\"@id\":\"https:\/\/www.kreeb.com\/#website\"},\"datePublished\":\"2025-05-30T11:52:24+00:00\",\"dateModified\":\"2026-03-22T18:13:07+00:00\",\"description\":\"Erfahren Sie in der Datenschutzerkl\u00e4rung von Kreeb, wie wir Ihre Daten sch\u00fctzen und verarbeiten. Transparenz und Sicherheit stehen an erster Stelle.\",\"breadcrumb\":{\"@id\":\"https:\/\/www.kreeb.com\/datenschutzerklarung\/#breadcrumb\"},\"inLanguage\":\"en-GB\",\"potentialAction\":[{\"@type\":\"ReadAction\",\"target\":[\"https:\/\/www.kreeb.com\/datenschutzerklarung\/\"]}]},{\"@type\":\"BreadcrumbList\",\"@id\":\"https:\/\/www.kreeb.com\/datenschutzerklarung\/#breadcrumb\",\"itemListElement\":[{\"@type\":\"ListItem\",\"position\":1,\"name\":\"Home\",\"item\":\"https:\/\/www.kreeb.com\/\"},{\"@type\":\"ListItem\",\"position\":2,\"name\":\"Datenschutzerkl\u00e4rung\"}]},{\"@type\":\"WebSite\",\"@id\":\"https:\/\/www.kreeb.com\/#website\",\"url\":\"https:\/\/www.kreeb.com\/\",\"name\":\"Heinrich Kreeb \u2013 Premium-Werkzeuge f\u00fcr industrielle Oberfl\u00e4chen\",\"description\":\"Heinrich Kreeb: Premium-Hersteller von Schleif-, Polier- und Entgratwerkzeuge f\u00fcr Industrie \u2013 seit 1930 Experte f\u00fcr perfekte Oberfl\u00e4chen.\",\"publisher\":{\"@id\":\"https:\/\/www.kreeb.com\/#organization\"},\"potentialAction\":[{\"@type\":\"SearchAction\",\"target\":{\"@type\":\"EntryPoint\",\"urlTemplate\":\"https:\/\/www.kreeb.com\/?s={search_term_string}\"},\"query-input\":{\"@type\":\"PropertyValueSpecification\",\"valueRequired\":true,\"valueName\":\"search_term_string\"}}],\"inLanguage\":\"en-GB\"},{\"@type\":\"Organization\",\"@id\":\"https:\/\/www.kreeb.com\/#organization\",\"name\":\"Heinrich Kreeb GmbH & Co. KG\",\"url\":\"https:\/\/www.kreeb.com\/\",\"logo\":{\"@type\":\"ImageObject\",\"inLanguage\":\"en-GB\",\"@id\":\"https:\/\/www.kreeb.com\/#\/schema\/logo\/image\/\",\"url\":\"https:\/\/www.kreeb.com\/wp-content\/uploads\/2025\/05\/kreebe-logo.png\",\"contentUrl\":\"https:\/\/www.kreeb.com\/wp-content\/uploads\/2025\/05\/kreebe-logo.png\",\"width\":556,\"height\":137,\"caption\":\"Heinrich Kreeb GmbH & Co. KG\"},\"image\":{\"@id\":\"https:\/\/www.kreeb.com\/#\/schema\/logo\/image\/\"}}]}<\/script>\n<!-- \/ Yoast SEO Premium plugin. -->","yoast_head_json":{"title":"Datenschutzerkl\u00e4rung | Heinrich Kreeb \u2013 Premium-Werkzeuge f\u00fcr industrielle Kunden | Schleif- und Polierwerkzeuge Industrie","description":"Erfahren Sie in der Datenschutzerkl\u00e4rung von Kreeb, wie wir Ihre Daten sch\u00fctzen und verarbeiten. Transparenz und Sicherheit stehen an erster Stelle.","robots":{"index":"index","follow":"follow","max-snippet":"max-snippet:-1","max-image-preview":"max-image-preview:large","max-video-preview":"max-video-preview:-1"},"canonical":"https:\/\/www.kreeb.com\/en\/datenschutzerklarung\/","og_locale":"en_GB","og_type":"article","og_title":"Datenschutzerkl\u00e4rung","og_description":"Erfahren Sie in der Datenschutzerkl\u00e4rung von Kreeb, wie wir Ihre Daten sch\u00fctzen und verarbeiten. Transparenz und Sicherheit stehen an erster Stelle.","og_url":"https:\/\/www.kreeb.com\/en\/datenschutzerklarung\/","og_site_name":"Heinrich Kreeb \u2013 Premium-Werkzeuge f\u00fcr industrielle Kunden","article_modified_time":"2026-03-22T18:13:07+00:00","og_image":[{"width":505,"height":303,"url":"https:\/\/www.kreeb.com\/wp-content\/uploads\/2025\/07\/Rectangle-5-1-compressed-3.png","type":"image\/png"}],"twitter_card":"summary_large_image","twitter_misc":{"Estimated reading time":"9 minutes"},"schema":{"@context":"https:\/\/schema.org","@graph":[{"@type":"WebPage","@id":"https:\/\/www.kreeb.com\/datenschutzerklarung\/","url":"https:\/\/www.kreeb.com\/datenschutzerklarung\/","name":"Datenschutzerkl\u00e4rung | Heinrich Kreeb \u2013 Premium-Werkzeuge f\u00fcr industrielle Kunden | Schleif- und Polierwerkzeuge Industrie","isPartOf":{"@id":"https:\/\/www.kreeb.com\/#website"},"datePublished":"2025-05-30T11:52:24+00:00","dateModified":"2026-03-22T18:13:07+00:00","description":"Erfahren Sie in der Datenschutzerkl\u00e4rung von Kreeb, wie wir Ihre Daten sch\u00fctzen und verarbeiten. Transparenz und Sicherheit stehen an erster Stelle.","breadcrumb":{"@id":"https:\/\/www.kreeb.com\/datenschutzerklarung\/#breadcrumb"},"inLanguage":"en-GB","potentialAction":[{"@type":"ReadAction","target":["https:\/\/www.kreeb.com\/datenschutzerklarung\/"]}]},{"@type":"BreadcrumbList","@id":"https:\/\/www.kreeb.com\/datenschutzerklarung\/#breadcrumb","itemListElement":[{"@type":"ListItem","position":1,"name":"Home","item":"https:\/\/www.kreeb.com\/"},{"@type":"ListItem","position":2,"name":"Datenschutzerkl\u00e4rung"}]},{"@type":"WebSite","@id":"https:\/\/www.kreeb.com\/#website","url":"https:\/\/www.kreeb.com\/","name":"Heinrich Kreeb \u2013 Premium-Werkzeuge f\u00fcr industrielle Oberfl\u00e4chen","description":"Heinrich Kreeb: Premium-Hersteller von Schleif-, Polier- und Entgratwerkzeuge f\u00fcr Industrie \u2013 seit 1930 Experte f\u00fcr perfekte Oberfl\u00e4chen.","publisher":{"@id":"https:\/\/www.kreeb.com\/#organization"},"potentialAction":[{"@type":"SearchAction","target":{"@type":"EntryPoint","urlTemplate":"https:\/\/www.kreeb.com\/?s={search_term_string}"},"query-input":{"@type":"PropertyValueSpecification","valueRequired":true,"valueName":"search_term_string"}}],"inLanguage":"en-GB"},{"@type":"Organization","@id":"https:\/\/www.kreeb.com\/#organization","name":"Heinrich Kreeb GmbH & Co. KG","url":"https:\/\/www.kreeb.com\/","logo":{"@type":"ImageObject","inLanguage":"en-GB","@id":"https:\/\/www.kreeb.com\/#\/schema\/logo\/image\/","url":"https:\/\/www.kreeb.com\/wp-content\/uploads\/2025\/05\/kreebe-logo.png","contentUrl":"https:\/\/www.kreeb.com\/wp-content\/uploads\/2025\/05\/kreebe-logo.png","width":556,"height":137,"caption":"Heinrich Kreeb GmbH & Co. KG"},"image":{"@id":"https:\/\/www.kreeb.com\/#\/schema\/logo\/image\/"}}]}},"_links":{"self":[{"href":"https:\/\/www.kreeb.com\/en\/wp-json\/wp\/v2\/pages\/2349","targetHints":{"allow":["GET"]}}],"collection":[{"href":"https:\/\/www.kreeb.com\/en\/wp-json\/wp\/v2\/pages"}],"about":[{"href":"https:\/\/www.kreeb.com\/en\/wp-json\/wp\/v2\/types\/page"}],"author":[{"embeddable":true,"href":"https:\/\/www.kreeb.com\/en\/wp-json\/wp\/v2\/users\/1"}],"replies":[{"embeddable":true,"href":"https:\/\/www.kreeb.com\/en\/wp-json\/wp\/v2\/comments?post=2349"}],"version-history":[{"count":25,"href":"https:\/\/www.kreeb.com\/en\/wp-json\/wp\/v2\/pages\/2349\/revisions"}],"predecessor-version":[{"id":5914,"href":"https:\/\/www.kreeb.com\/en\/wp-json\/wp\/v2\/pages\/2349\/revisions\/5914"}],"wp:attachment":[{"href":"https:\/\/www.kreeb.com\/en\/wp-json\/wp\/v2\/media?parent=2349"}],"curies":[{"name":"wp","href":"https:\/\/api.w.org\/{rel}","templated":true}]}}