{"id":2312,"date":"2025-05-30T11:15:26","date_gmt":"2025-05-30T11:15:26","guid":{"rendered":"http:\/\/kreeb.gsmb-consulting.de\/?page_id=2312"},"modified":"2025-09-02T13:33:14","modified_gmt":"2025-09-02T13:33:14","slug":"impressum","status":"publish","type":"page","link":"https:\/\/www.kreeb.com\/en\/impressum\/","title":{"rendered":"LEGAL NOTICE"},"content":{"rendered":"<div data-elementor-type=\"wp-page\" data-elementor-id=\"2312\" class=\"elementor elementor-2312\" data-elementor-post-type=\"page\">\n\t\t\t\t<div class=\"elementor-element elementor-element-57dda40 e-flex e-con-boxed e-con e-parent\" data-id=\"57dda40\" data-element_type=\"container\" data-e-type=\"container\">\n\t\t\t\t\t<div class=\"e-con-inner\">\n\t\t\t\t<div class=\"elementor-element elementor-element-10f32d5 elementor-widget elementor-widget-global elementor-global-436 elementor-widget-spacer\" data-id=\"10f32d5\" data-element_type=\"widget\" data-e-type=\"widget\" data-widget_type=\"spacer.default\">\n\t\t\t\t<div class=\"elementor-widget-container\">\n\t\t\t\t\t\t\t<div class=\"elementor-spacer\">\n\t\t\t<div class=\"elementor-spacer-inner\"><\/div>\n\t\t<\/div>\n\t\t\t\t\t\t<\/div>\n\t\t\t\t<\/div>\n\t\t\t\t\t<\/div>\n\t\t\t\t<\/div>\n\t\t<div class=\"elementor-element elementor-element-f51010b e-con-full e-flex e-con e-parent\" data-id=\"f51010b\" data-element_type=\"container\" data-e-type=\"container\">\n\t\t<div class=\"elementor-element elementor-element-0f55506 e-flex e-con-boxed e-con e-child\" data-id=\"0f55506\" data-element_type=\"container\" data-e-type=\"container\">\n\t\t\t\t\t<div class=\"e-con-inner\">\n\t\t\t\t<div class=\"elementor-element elementor-element-db9bb03 elementor-widget elementor-widget-text-editor\" data-id=\"db9bb03\" data-element_type=\"widget\" data-e-type=\"widget\" data-widget_type=\"text-editor.default\">\n\t\t\t\t<div class=\"elementor-widget-container\">\n\t\t\t\t\t\t\t\t\t<p>Heinrich Kreeb GmbH &amp; Co. KG<\/p><p>Steinbeisstrasse 20<\/p><p>73037 G\u00f6ppingen<\/p><p>Germany<\/p><p>Phone: +49-(0)7161-9274-0<\/p><p>Fax: +49-(0)7161-9274-14<\/p><p>E-mail: info(at)kreeb.com<\/p><p>VAT-ID: DE 145 469 137<\/p><p>Location: G\u00f6ppingen<\/p><p>Kommanditgesellschaft<\/p><p>Amtsgericht Ulm HRA 530170<\/p><p>pers\u00f6nlich haftende Gesellschafterin: Karoline Gaiser &amp; Co. Gesellschaft mit beschr\u00e4nkter Haftung,<\/p><p>Sitz G\u00f6ppingen, Amtsgericht Ulm HRB 530227<\/p><p>Managing Directors:  Dr. Lutz Gaiser, Dipl.-Wirtsch.-Ing. Cornelius Gaiser<\/p><p>Declaration of copyright<\/p><p>Copyright \u2013 Heinrich Kreeb GmbH &amp; Co. KG. All rights reserved. Documents, graphics, software and source codes that form part of this website and can be downloaded from this server are protected by copyright belonging to Heinrich Kreeb GmbH &amp; Co. KG. Unless otherwise stated, the use, reproduction and distribution of these documents, graphics and software requires the written permission of Heinrich Kreeb GmbH &amp; Co. KG.<\/p>\t\t\t\t\t\t\t\t<\/div>\n\t\t\t\t<\/div>\n\t\t\t\t\t<\/div>\n\t\t\t\t<\/div>\n\t\t\t\t<\/div>\n\t\t<div class=\"elementor-element elementor-element-aa081fe e-flex e-con-boxed e-con e-parent\" data-id=\"aa081fe\" data-element_type=\"container\" data-e-type=\"container\">\n\t\t\t\t\t<div class=\"e-con-inner\">\n\t\t\t\t<div class=\"elementor-element elementor-element-21fda33 elementor-widget elementor-widget-global elementor-global-436 elementor-widget-spacer\" data-id=\"21fda33\" data-element_type=\"widget\" data-e-type=\"widget\" data-widget_type=\"spacer.default\">\n\t\t\t\t<div class=\"elementor-widget-container\">\n\t\t\t\t\t\t\t<div class=\"elementor-spacer\">\n\t\t\t<div class=\"elementor-spacer-inner\"><\/div>\n\t\t<\/div>\n\t\t\t\t\t\t<\/div>\n\t\t\t\t<\/div>\n\t\t\t\t\t<\/div>\n\t\t\t\t<\/div>\n\t\t\t\t<\/div>","protected":false},"excerpt":{"rendered":"<p>Heinrich Kreeb GmbH &amp; Co. KG Steinbeisstrasse 20 73037 G\u00f6ppingen Deutschland Tel.: +49-(0)7161-9274-0 Fax: +49-(0)7161-9274-14 E-mail: info(at)kreeb.com Ust.-IdNr. DE 145 469 137 Sitz: G\u00f6ppingen Kommanditgesellschaft Amtsgericht Ulm HRA 530170 pers\u00f6nlich haftende Gesellschafterin: Karoline Gaiser &amp; Co. Gesellschaft mit beschr\u00e4nkter Haftung, Sitz G\u00f6ppingen, Amtsgericht Ulm HRB 530227 Gesch\u00e4ftsf\u00fchrer: Dr. Lutz Gaiser, Dipl.-Wirtsch.-Ing. Cornelius Gaiser Erkl\u00e4rung zum [&hellip;]<\/p>\n","protected":false},"author":1,"featured_media":0,"parent":0,"menu_order":0,"comment_status":"closed","ping_status":"closed","template":"elementor_header_footer","meta":{"footnotes":""},"class_list":["post-2312","page","type-page","status-publish","hentry"],"yoast_head":"<!-- This site is optimized with the Yoast SEO Premium plugin v26.7 (Yoast SEO v27.1.1) - https:\/\/yoast.com\/product\/yoast-seo-premium-wordpress\/ -->\n<title>Impressum | Heinrich Kreeb \u2013 Premium-Werkzeuge f\u00fcr industrielle Kunden | Schleif- und Polierwerkzeuge Industrie<\/title>\n<meta name=\"description\" content=\"Im Impressum von Kreeb finden Sie alle rechtlichen Informationen zum Unternehmen und unseren Dienstleistungen. Jetzt einsehen!\" \/>\n<meta name=\"robots\" content=\"index, follow, max-snippet:-1, max-image-preview:large, max-video-preview:-1\" \/>\n<link rel=\"canonical\" href=\"https:\/\/www.kreeb.com\/en\/impressum\/\" \/>\n<meta property=\"og:locale\" content=\"en_GB\" \/>\n<meta property=\"og:type\" content=\"article\" \/>\n<meta property=\"og:title\" content=\"Impressum\" \/>\n<meta property=\"og:description\" content=\"Im Impressum von Kreeb finden Sie alle rechtlichen Informationen zum Unternehmen und unseren Dienstleistungen. Jetzt einsehen!\" \/>\n<meta property=\"og:url\" content=\"https:\/\/www.kreeb.com\/en\/impressum\/\" \/>\n<meta property=\"og:site_name\" content=\"Heinrich Kreeb \u2013 Premium-Werkzeuge f\u00fcr industrielle Kunden\" \/>\n<meta property=\"article:modified_time\" content=\"2025-09-02T13:33:14+00:00\" \/>\n<meta property=\"og:image\" content=\"https:\/\/www.kreeb.com\/wp-content\/uploads\/2025\/07\/Rectangle-5-1-compressed-3.png\" \/>\n\t<meta property=\"og:image:width\" content=\"505\" \/>\n\t<meta property=\"og:image:height\" content=\"303\" \/>\n\t<meta property=\"og:image:type\" content=\"image\/png\" \/>\n<meta name=\"twitter:card\" content=\"summary_large_image\" \/>\n<meta name=\"twitter:label1\" content=\"Estimated reading time\" \/>\n\t<meta name=\"twitter:data1\" content=\"1 minute\" \/>\n<script type=\"application\/ld+json\" class=\"yoast-schema-graph\">{\"@context\":\"https:\/\/schema.org\",\"@graph\":[{\"@type\":\"WebPage\",\"@id\":\"https:\/\/www.kreeb.com\/impressum\/\",\"url\":\"https:\/\/www.kreeb.com\/impressum\/\",\"name\":\"Impressum | Heinrich Kreeb \u2013 Premium-Werkzeuge f\u00fcr industrielle Kunden | Schleif- und Polierwerkzeuge Industrie\",\"isPartOf\":{\"@id\":\"https:\/\/www.kreeb.com\/#website\"},\"datePublished\":\"2025-05-30T11:15:26+00:00\",\"dateModified\":\"2025-09-02T13:33:14+00:00\",\"description\":\"Im Impressum von Kreeb finden Sie alle rechtlichen Informationen zum Unternehmen und unseren Dienstleistungen. Jetzt einsehen!\",\"breadcrumb\":{\"@id\":\"https:\/\/www.kreeb.com\/impressum\/#breadcrumb\"},\"inLanguage\":\"en-GB\",\"potentialAction\":[{\"@type\":\"ReadAction\",\"target\":[\"https:\/\/www.kreeb.com\/impressum\/\"]}]},{\"@type\":\"BreadcrumbList\",\"@id\":\"https:\/\/www.kreeb.com\/impressum\/#breadcrumb\",\"itemListElement\":[{\"@type\":\"ListItem\",\"position\":1,\"name\":\"Home\",\"item\":\"https:\/\/www.kreeb.com\/\"},{\"@type\":\"ListItem\",\"position\":2,\"name\":\"Impressum\"}]},{\"@type\":\"WebSite\",\"@id\":\"https:\/\/www.kreeb.com\/#website\",\"url\":\"https:\/\/www.kreeb.com\/\",\"name\":\"Heinrich Kreeb \u2013 Premium-Werkzeuge f\u00fcr industrielle Oberfl\u00e4chen\",\"description\":\"Heinrich Kreeb: Premium-Hersteller von Schleif-, Polier- und Entgratwerkzeuge f\u00fcr Industrie \u2013 seit 1930 Experte f\u00fcr perfekte Oberfl\u00e4chen.\",\"publisher\":{\"@id\":\"https:\/\/www.kreeb.com\/#organization\"},\"potentialAction\":[{\"@type\":\"SearchAction\",\"target\":{\"@type\":\"EntryPoint\",\"urlTemplate\":\"https:\/\/www.kreeb.com\/?s={search_term_string}\"},\"query-input\":{\"@type\":\"PropertyValueSpecification\",\"valueRequired\":true,\"valueName\":\"search_term_string\"}}],\"inLanguage\":\"en-GB\"},{\"@type\":\"Organization\",\"@id\":\"https:\/\/www.kreeb.com\/#organization\",\"name\":\"Heinrich Kreeb GmbH & Co. KG\",\"url\":\"https:\/\/www.kreeb.com\/\",\"logo\":{\"@type\":\"ImageObject\",\"inLanguage\":\"en-GB\",\"@id\":\"https:\/\/www.kreeb.com\/#\/schema\/logo\/image\/\",\"url\":\"https:\/\/www.kreeb.com\/wp-content\/uploads\/2025\/05\/kreebe-logo.png\",\"contentUrl\":\"https:\/\/www.kreeb.com\/wp-content\/uploads\/2025\/05\/kreebe-logo.png\",\"width\":556,\"height\":137,\"caption\":\"Heinrich Kreeb GmbH & Co. KG\"},\"image\":{\"@id\":\"https:\/\/www.kreeb.com\/#\/schema\/logo\/image\/\"}}]}<\/script>\n<!-- \/ Yoast SEO Premium plugin. -->","yoast_head_json":{"title":"Impressum | Heinrich Kreeb \u2013 Premium-Werkzeuge f\u00fcr industrielle Kunden | Schleif- und Polierwerkzeuge Industrie","description":"Im Impressum von Kreeb finden Sie alle rechtlichen Informationen zum Unternehmen und unseren Dienstleistungen. Jetzt einsehen!","robots":{"index":"index","follow":"follow","max-snippet":"max-snippet:-1","max-image-preview":"max-image-preview:large","max-video-preview":"max-video-preview:-1"},"canonical":"https:\/\/www.kreeb.com\/en\/impressum\/","og_locale":"en_GB","og_type":"article","og_title":"Impressum","og_description":"Im Impressum von Kreeb finden Sie alle rechtlichen Informationen zum Unternehmen und unseren Dienstleistungen. Jetzt einsehen!","og_url":"https:\/\/www.kreeb.com\/en\/impressum\/","og_site_name":"Heinrich Kreeb \u2013 Premium-Werkzeuge f\u00fcr industrielle Kunden","article_modified_time":"2025-09-02T13:33:14+00:00","og_image":[{"width":505,"height":303,"url":"https:\/\/www.kreeb.com\/wp-content\/uploads\/2025\/07\/Rectangle-5-1-compressed-3.png","type":"image\/png"}],"twitter_card":"summary_large_image","twitter_misc":{"Estimated reading time":"1 minute"},"schema":{"@context":"https:\/\/schema.org","@graph":[{"@type":"WebPage","@id":"https:\/\/www.kreeb.com\/impressum\/","url":"https:\/\/www.kreeb.com\/impressum\/","name":"Impressum | Heinrich Kreeb \u2013 Premium-Werkzeuge f\u00fcr industrielle Kunden | Schleif- und Polierwerkzeuge Industrie","isPartOf":{"@id":"https:\/\/www.kreeb.com\/#website"},"datePublished":"2025-05-30T11:15:26+00:00","dateModified":"2025-09-02T13:33:14+00:00","description":"Im Impressum von Kreeb finden Sie alle rechtlichen Informationen zum Unternehmen und unseren Dienstleistungen. Jetzt einsehen!","breadcrumb":{"@id":"https:\/\/www.kreeb.com\/impressum\/#breadcrumb"},"inLanguage":"en-GB","potentialAction":[{"@type":"ReadAction","target":["https:\/\/www.kreeb.com\/impressum\/"]}]},{"@type":"BreadcrumbList","@id":"https:\/\/www.kreeb.com\/impressum\/#breadcrumb","itemListElement":[{"@type":"ListItem","position":1,"name":"Home","item":"https:\/\/www.kreeb.com\/"},{"@type":"ListItem","position":2,"name":"Impressum"}]},{"@type":"WebSite","@id":"https:\/\/www.kreeb.com\/#website","url":"https:\/\/www.kreeb.com\/","name":"Heinrich Kreeb \u2013 Premium-Werkzeuge f\u00fcr industrielle Oberfl\u00e4chen","description":"Heinrich Kreeb: Premium-Hersteller von Schleif-, Polier- und Entgratwerkzeuge f\u00fcr Industrie \u2013 seit 1930 Experte f\u00fcr perfekte Oberfl\u00e4chen.","publisher":{"@id":"https:\/\/www.kreeb.com\/#organization"},"potentialAction":[{"@type":"SearchAction","target":{"@type":"EntryPoint","urlTemplate":"https:\/\/www.kreeb.com\/?s={search_term_string}"},"query-input":{"@type":"PropertyValueSpecification","valueRequired":true,"valueName":"search_term_string"}}],"inLanguage":"en-GB"},{"@type":"Organization","@id":"https:\/\/www.kreeb.com\/#organization","name":"Heinrich Kreeb GmbH & Co. KG","url":"https:\/\/www.kreeb.com\/","logo":{"@type":"ImageObject","inLanguage":"en-GB","@id":"https:\/\/www.kreeb.com\/#\/schema\/logo\/image\/","url":"https:\/\/www.kreeb.com\/wp-content\/uploads\/2025\/05\/kreebe-logo.png","contentUrl":"https:\/\/www.kreeb.com\/wp-content\/uploads\/2025\/05\/kreebe-logo.png","width":556,"height":137,"caption":"Heinrich Kreeb GmbH & Co. KG"},"image":{"@id":"https:\/\/www.kreeb.com\/#\/schema\/logo\/image\/"}}]}},"_links":{"self":[{"href":"https:\/\/www.kreeb.com\/en\/wp-json\/wp\/v2\/pages\/2312","targetHints":{"allow":["GET"]}}],"collection":[{"href":"https:\/\/www.kreeb.com\/en\/wp-json\/wp\/v2\/pages"}],"about":[{"href":"https:\/\/www.kreeb.com\/en\/wp-json\/wp\/v2\/types\/page"}],"author":[{"embeddable":true,"href":"https:\/\/www.kreeb.com\/en\/wp-json\/wp\/v2\/users\/1"}],"replies":[{"embeddable":true,"href":"https:\/\/www.kreeb.com\/en\/wp-json\/wp\/v2\/comments?post=2312"}],"version-history":[{"count":10,"href":"https:\/\/www.kreeb.com\/en\/wp-json\/wp\/v2\/pages\/2312\/revisions"}],"predecessor-version":[{"id":2348,"href":"https:\/\/www.kreeb.com\/en\/wp-json\/wp\/v2\/pages\/2312\/revisions\/2348"}],"wp:attachment":[{"href":"https:\/\/www.kreeb.com\/en\/wp-json\/wp\/v2\/media?parent=2312"}],"curies":[{"name":"wp","href":"https:\/\/api.w.org\/{rel}","templated":true}]}}